{"id":25978,"date":"2023-10-05T11:20:38","date_gmt":"2023-10-05T11:20:38","guid":{"rendered":"https:\/\/www.neodoc.es\/?page_id=25978"},"modified":"2025-03-31T14:20:08","modified_gmt":"2025-03-31T14:20:08","slug":"software-cordinacion-actividades-empresariales","status":"publish","type":"page","link":"https:\/\/www.neodoc.es\/en\/software-cordinacion-actividades-empresariales\/","title":{"rendered":"Software para Cordinaci\u00f3n de Actividades Empresariales (CAE)"},"content":{"rendered":"\n<style type=\"text\/css\" data-created_by=\"avia_inline_auto\" id=\"style-css-av-9hk6kf-17a0e5dba92637e3d8b0872c211f108c\">\n.avia-section.av-9hk6kf-17a0e5dba92637e3d8b0872c211f108c{\nbackground-repeat:no-repeat;\nbackground-image:url(https:\/\/www.neodoc.es\/wp-content\/uploads\/2024\/04\/Coordinacion-de-Actividades-Empresariales.png);\nbackground-position:50% 50%;\nbackground-attachment:scroll;\n}\n<\/style>\n<div id='av_section_1'  class='avia-section av-9hk6kf-17a0e5dba92637e3d8b0872c211f108c main_color avia-section-default avia-no-border-styling  avia-builder-el-0  el_before_av_section  avia-builder-el-first  avia-bg-style-scroll  container_wrap fullsize'  data-section-bg-repeat='no-repeat'><div class='container av-section-cont-open' ><main  role=\"main\" itemprop=\"mainContentOfPage\"  class='template-page content  av-content-full alpha units'><div class='post-entry post-entry-type-page post-entry-25978'><div class='entry-content-wrapper clearfix'>\n<div class='flex_column av-9bodkf-c352bf84d42d357ba62722a49193b3c1 av_one_full  avia-builder-el-1  avia-builder-el-no-sibling  first flex_column_div '   ><section  class='av_textblock_section av-kvte2e7g-52edbafc64a1b0a5cc5ff53d1b834354 '  itemscope=\"itemscope\" itemtype=\"https:\/\/schema.org\/CreativeWork\" ><div class='avia_textblock '  itemprop=\"text\" ><h1>Coordinaci\u00f3n de Actividades Empresariales (CAE)<\/h1>\n<p class=\"h2\" style=\"text-align: center;\">Optimiza la gesti\u00f3n de riesgos y cumple las normativas legales<\/p>\n<p class=\"h3\">Aumenta la seguridad y la eficiencia en tu entorno laboral. Mejora la coordinaci\u00f3n con proveedores y colaboradores, agilizando los procesos y garantizando la integridad de todos los involucrados.<\/p>\n<\/div><\/section><\/div>\n\n<\/div><\/div><\/main><!-- close content main element --><\/div><\/div>\n<style type=\"text\/css\" data-created_by=\"avia_inline_auto\" id=\"style-css-av-99djbb-9d50ec2f11b75d49839ba655edcc5f32\">\n.avia-section.av-99djbb-9d50ec2f11b75d49839ba655edcc5f32{\nmargin-top:30px;\nmargin-bottom:0px;\n}\n<\/style>\n<div id='av_section_2'  class='avia-section av-99djbb-9d50ec2f11b75d49839ba655edcc5f32 main_color avia-section-no-padding avia-no-border-styling  avia-builder-el-3  el_after_av_section  el_before_av_one_half  story-top avia-bg-style-scroll  container_wrap fullsize'  ><div class='container av-section-cont-open' ><div class='template-page content  av-content-full alpha units'><div class='post-entry post-entry-type-page post-entry-25978'><div class='entry-content-wrapper clearfix'>\n<div class='flex_column av-wp85r-9e5ed1a883a72c195a6ed55bf7655fb3 av_one_full  avia-builder-el-4  avia-builder-el-no-sibling  story-telling first flex_column_div '   ><\/div>\n<\/div><\/div><\/div><!-- close content main div --><\/div><\/div><div id='after_section_2'  class='main_color av_default_container_wrap container_wrap fullsize'  ><div class='container av-section-cont-open' ><div class='template-page content  av-content-full alpha units'><div class='post-entry post-entry-type-page post-entry-25978'><div class='entry-content-wrapper clearfix'>\n<div class='flex_column av-moe4qi-cd5726b0f5828bb5f37f42b10fd94cba av_one_half  avia-builder-el-6  el_after_av_section  el_before_av_one_half  avia-builder-el-first  first flex_column_div '   ><br \/>\n<section  class='av_textblock_section av-m4bagsg0-15b3b99beb29b44a5e8906f37cdab3c8 '  itemscope=\"itemscope\" itemtype=\"https:\/\/schema.org\/CreativeWork\" ><div class='avia_textblock '  itemprop=\"text\" ><p>\u00bfGestionar la Coordinaci\u00f3n de Actividades Empresariales (CAE) te supone un desaf\u00edo constante? Hemos dise\u00f1ado una soluci\u00f3n que facilita este proceso clave para las empresas contratistas. Conoce todas las novedades a cerca del CAE.<\/p>\n<\/div><\/section><\/p><\/div>\n<div class='flex_column av-ldrw2i-f2f326dd9dd68e9726b286769d2f87f8 av_one_half  avia-builder-el-9  el_after_av_one_half  el_before_av_section  avia-builder-el-last  flex_column_div '   ><style type=\"text\/css\" data-created_by=\"avia_inline_auto\" id=\"style-css-av-m4bev9k5-05d4ea636014dc985ec5f3a29b4da1c6\">\n.avia-video.av-m4bev9k5-05d4ea636014dc985ec5f3a29b4da1c6{\nbackground-image:url(https:\/\/www.neodoc.es\/wp-content\/uploads\/2024\/09\/PUBLICACIONES-46.png);\n}\n<\/style>\n<div  class='avia-video av-m4bev9k5-05d4ea636014dc985ec5f3a29b4da1c6 avia-video-16-9 avia-video-lightbox av-lazyload-video-embed avia-video-standard-html '  itemprop=\"video\" itemtype=\"https:\/\/schema.org\/VideoObject\"  data-original_url='https:\/\/www.youtube.com\/embed\/y-us3FM6dos?si=F8BiCtS0V7qWWovQ'><script type='text\/html' class='av-video-tmpl'><a href='https:\/\/www.youtube.com\/embed\/y-us3FM6dos?si=F8BiCtS0V7qWWovQ' rel='lightbox' class='mfp-iframe lightbox-link'><\/a><\/script><div class='av-click-to-play-overlay play-lightbox'><div class=\"avia_playpause_icon\"><\/div><\/div><\/div><\/div>\n<\/div><\/div><\/div><!-- close content main div --><\/div><\/div>\n<style type=\"text\/css\" data-created_by=\"avia_inline_auto\" id=\"style-css-av-n3r0ni-be50ac354c42371a832434f4ebca28d8\">\n.avia-section.av-n3r0ni-be50ac354c42371a832434f4ebca28d8{\nbackground-repeat:no-repeat;\nbackground-image:url(https:\/\/www.neodoc.es\/wp-content\/uploads\/2021\/11\/back-newsletter.jpg);\nbackground-position:50% 50%;\nbackground-attachment:scroll;\n}\n<\/style>\n<div id='av_section_3'  class='avia-section av-n3r0ni-be50ac354c42371a832434f4ebca28d8 main_color avia-section-no-padding avia-no-border-styling  avia-builder-el-11  el_after_av_one_half  avia-builder-el-last  newsletter-bloque avia-full-stretch avia-bg-style-scroll  container_wrap fullsize'  data-section-bg-repeat='stretch'><div class='container av-section-cont-open' ><div class='template-page content  av-content-full alpha units'><div class='post-entry post-entry-type-page post-entry-25978'><div class='entry-content-wrapper clearfix'>\n<div class='flex_column av-k3erpa-c18cd88a314b69cd9feaf4e9df79d231 av_one_full  avia-builder-el-12  el_before_av_one_fifth  avia-builder-el-first  first flex_column_div '   ><p>\n<style type=\"text\/css\" data-created_by=\"avia_inline_auto\" id=\"style-css-av-igmffi-8f686554e4e2c3183e454eb62ebeb298\">\n#top .hr.hr-invisible.av-igmffi-8f686554e4e2c3183e454eb62ebeb298{\nheight:75px;\n}\n<\/style>\n<div  class='hr av-igmffi-8f686554e4e2c3183e454eb62ebeb298 hr-invisible  avia-builder-el-13  el_before_av_textblock  avia-builder-el-first  '><span class='hr-inner '><span class=\"hr-inner-style\"><\/span><\/span><\/div><br \/>\n<section  class='av_textblock_section av-hheupq-b5356a255de4d4e0b6946723bfba8622 '  itemscope=\"itemscope\" itemtype=\"https:\/\/schema.org\/CreativeWork\" ><div class='avia_textblock '  itemprop=\"text\" ><p style=\"text-align: center;\"><span style=\"text-align: center; font: normal normal bold 31px Poppins; letter-spacing: 0px; color: #ffffff; opacity: 1;\">\u00bfQuieres comprobar el potencial de neodoc?<\/span><\/p>\n<p style=\"text-align: center;\"><span style=\"text-align: center; font: normal normal normal 16px Poppins; letter-spacing: 0px; color: #ffffff; opacity: 1;\">Agenda una DEMO personalizada y empieza a optimizar tus procesos y ahorrar tiempo y costes.<\/span><\/p>\n<\/div><\/section><\/p><\/div><div class='flex_column av-gbyvam-42cb188197b9b75ab6aa943b48a27eac av_one_fifth  avia-builder-el-15  el_after_av_one_full  el_before_av_three_fifth  first flex_column_div column-top-margin'   ><\/div><div class='flex_column av-bipatq-f100ac382e72c2fd2baadbbc73c0eac4 av_three_fifth  avia-builder-el-16  el_after_av_one_fifth  el_before_av_one_fifth  flex_column_div column-top-margin'   ><form action=\"https:\/\/www.neodoc.es\/en\/software-cordinacion-actividades-empresariales\/\" method=\"post\"  class=\"avia_ajax_form av-form-labels-hidden   avia-builder-el-17  avia-builder-el-no-sibling   \" data-avia-form-id=\"1\" data-avia-redirect='https:\/\/www.neodoc.es\/solicitar-demo\/'  id=\"newsletter\" ><fieldset><p class=\"hidden\"><input type=\"text\" name=\"avia_1_1\" class=\"hidden \" id=\"avia_1_1\" value=\"\" \/><\/p><p class=\"form_element \"><input type=\"hidden\" value=\"1\" name=\"avia_generated_form1\" \/><input type=\"submit\" value=\"QUIERO PROBAR NEODOC\" class=\"button\"  data-sending-label=\"Sending\"\/><\/p><\/fieldset><\/form><div id=\"ajaxresponse_1\" class=\"ajaxresponse ajaxresponse_1 hidden\"><\/div><\/div><div class='flex_column av-2z6hfy-64a018b5caa0f249a5f4ce169a41fb3e av_one_fifth  avia-builder-el-18  el_after_av_three_fifth  avia-builder-el-last  flex_column_div column-top-margin'   ><\/div>\n\n","protected":false},"excerpt":{"rendered":"","protected":false},"author":2,"featured_media":0,"parent":0,"menu_order":0,"comment_status":"closed","ping_status":"closed","template":"","meta":{"content-type":"","inline_featured_image":false,"footnotes":""},"class_list":["post-25978","page","type-page","status-publish","hentry"],"yoast_head":"<!-- This site is optimized with the Yoast SEO plugin v27.4 - https:\/\/yoast.com\/product\/yoast-seo-wordpress\/ -->\n<title>Software para Cordinaci\u00f3n de Actividades Empresariales (CAE) - neodoc<\/title>\n<meta name=\"robots\" content=\"index, follow, max-snippet:-1, max-image-preview:large, max-video-preview:-1\" \/>\n<link rel=\"canonical\" href=\"https:\/\/www.neodoc.es\/en\/software-cordinacion-actividades-empresariales\/\" \/>\n<meta property=\"og:locale\" content=\"en_US\" \/>\n<meta property=\"og:type\" content=\"article\" \/>\n<meta property=\"og:title\" content=\"Software para Cordinaci\u00f3n de Actividades Empresariales (CAE) - neodoc\" \/>\n<meta property=\"og:url\" content=\"https:\/\/www.neodoc.es\/en\/software-cordinacion-actividades-empresariales\/\" \/>\n<meta property=\"og:site_name\" content=\"neodoc\" \/>\n<meta property=\"article:modified_time\" content=\"2025-03-31T14:20:08+00:00\" \/>\n<meta property=\"og:image\" content=\"http:\/\/www.neodoc.es\/wp-content\/uploads\/2021\/11\/graph-home-2.png\" \/>\n<meta name=\"twitter:card\" content=\"summary_large_image\" \/>\n<meta name=\"twitter:label1\" content=\"Est. reading time\" \/>\n\t<meta name=\"twitter:data1\" content=\"5 minutes\" \/>\n<script type=\"application\/ld+json\" class=\"yoast-schema-graph\">{\"@context\":\"https:\\\/\\\/schema.org\",\"@graph\":[{\"@type\":\"WebPage\",\"@id\":\"https:\\\/\\\/www.neodoc.es\\\/en\\\/software-cordinacion-actividades-empresariales\\\/\",\"url\":\"https:\\\/\\\/www.neodoc.es\\\/en\\\/software-cordinacion-actividades-empresariales\\\/\",\"name\":\"Software para Cordinaci\u00f3n de Actividades Empresariales (CAE) - neodoc\",\"isPartOf\":{\"@id\":\"https:\\\/\\\/www.neodoc.es\\\/en\\\/#website\"},\"primaryImageOfPage\":{\"@id\":\"https:\\\/\\\/www.neodoc.es\\\/en\\\/software-cordinacion-actividades-empresariales\\\/#primaryimage\"},\"image\":{\"@id\":\"https:\\\/\\\/www.neodoc.es\\\/en\\\/software-cordinacion-actividades-empresariales\\\/#primaryimage\"},\"thumbnailUrl\":\"http:\\\/\\\/www.neodoc.es\\\/wp-content\\\/uploads\\\/2021\\\/11\\\/graph-home-2.png\",\"datePublished\":\"2023-10-05T11:20:38+00:00\",\"dateModified\":\"2025-03-31T14:20:08+00:00\",\"breadcrumb\":{\"@id\":\"https:\\\/\\\/www.neodoc.es\\\/en\\\/software-cordinacion-actividades-empresariales\\\/#breadcrumb\"},\"inLanguage\":\"en-US\",\"potentialAction\":[{\"@type\":\"ReadAction\",\"target\":[\"https:\\\/\\\/www.neodoc.es\\\/en\\\/software-cordinacion-actividades-empresariales\\\/\"]}]},{\"@type\":\"ImageObject\",\"inLanguage\":\"en-US\",\"@id\":\"https:\\\/\\\/www.neodoc.es\\\/en\\\/software-cordinacion-actividades-empresariales\\\/#primaryimage\",\"url\":\"http:\\\/\\\/www.neodoc.es\\\/wp-content\\\/uploads\\\/2021\\\/11\\\/graph-home-2.png\",\"contentUrl\":\"http:\\\/\\\/www.neodoc.es\\\/wp-content\\\/uploads\\\/2021\\\/11\\\/graph-home-2.png\"},{\"@type\":\"BreadcrumbList\",\"@id\":\"https:\\\/\\\/www.neodoc.es\\\/en\\\/software-cordinacion-actividades-empresariales\\\/#breadcrumb\",\"itemListElement\":[{\"@type\":\"ListItem\",\"position\":1,\"name\":\"Portada\",\"item\":\"https:\\\/\\\/www.neodoc.es\\\/en\\\/\"},{\"@type\":\"ListItem\",\"position\":2,\"name\":\"Software para Cordinaci\u00f3n de Actividades Empresariales (CAE)\"}]},{\"@type\":\"WebSite\",\"@id\":\"https:\\\/\\\/www.neodoc.es\\\/en\\\/#website\",\"url\":\"https:\\\/\\\/www.neodoc.es\\\/en\\\/\",\"name\":\"neodoc\",\"description\":\"Automatizaci\u00f3n real de la gesti\u00f3n documental\",\"potentialAction\":[{\"@type\":\"SearchAction\",\"target\":{\"@type\":\"EntryPoint\",\"urlTemplate\":\"https:\\\/\\\/www.neodoc.es\\\/en\\\/?s={search_term_string}\"},\"query-input\":{\"@type\":\"PropertyValueSpecification\",\"valueRequired\":true,\"valueName\":\"search_term_string\"}}],\"inLanguage\":\"en-US\"}]}<\/script>\n<!-- \/ Yoast SEO plugin. -->","yoast_head_json":{"title":"Software para Cordinaci\u00f3n de Actividades Empresariales (CAE) - neodoc","robots":{"index":"index","follow":"follow","max-snippet":"max-snippet:-1","max-image-preview":"max-image-preview:large","max-video-preview":"max-video-preview:-1"},"canonical":"https:\/\/www.neodoc.es\/en\/software-cordinacion-actividades-empresariales\/","og_locale":"en_US","og_type":"article","og_title":"Software para Cordinaci\u00f3n de Actividades Empresariales (CAE) - neodoc","og_url":"https:\/\/www.neodoc.es\/en\/software-cordinacion-actividades-empresariales\/","og_site_name":"neodoc","article_modified_time":"2025-03-31T14:20:08+00:00","og_image":[{"url":"http:\/\/www.neodoc.es\/wp-content\/uploads\/2021\/11\/graph-home-2.png","type":"","width":"","height":""}],"twitter_card":"summary_large_image","twitter_misc":{"Est. reading time":"5 minutes"},"schema":{"@context":"https:\/\/schema.org","@graph":[{"@type":"WebPage","@id":"https:\/\/www.neodoc.es\/en\/software-cordinacion-actividades-empresariales\/","url":"https:\/\/www.neodoc.es\/en\/software-cordinacion-actividades-empresariales\/","name":"Software para Cordinaci\u00f3n de Actividades Empresariales (CAE) - neodoc","isPartOf":{"@id":"https:\/\/www.neodoc.es\/en\/#website"},"primaryImageOfPage":{"@id":"https:\/\/www.neodoc.es\/en\/software-cordinacion-actividades-empresariales\/#primaryimage"},"image":{"@id":"https:\/\/www.neodoc.es\/en\/software-cordinacion-actividades-empresariales\/#primaryimage"},"thumbnailUrl":"http:\/\/www.neodoc.es\/wp-content\/uploads\/2021\/11\/graph-home-2.png","datePublished":"2023-10-05T11:20:38+00:00","dateModified":"2025-03-31T14:20:08+00:00","breadcrumb":{"@id":"https:\/\/www.neodoc.es\/en\/software-cordinacion-actividades-empresariales\/#breadcrumb"},"inLanguage":"en-US","potentialAction":[{"@type":"ReadAction","target":["https:\/\/www.neodoc.es\/en\/software-cordinacion-actividades-empresariales\/"]}]},{"@type":"ImageObject","inLanguage":"en-US","@id":"https:\/\/www.neodoc.es\/en\/software-cordinacion-actividades-empresariales\/#primaryimage","url":"http:\/\/www.neodoc.es\/wp-content\/uploads\/2021\/11\/graph-home-2.png","contentUrl":"http:\/\/www.neodoc.es\/wp-content\/uploads\/2021\/11\/graph-home-2.png"},{"@type":"BreadcrumbList","@id":"https:\/\/www.neodoc.es\/en\/software-cordinacion-actividades-empresariales\/#breadcrumb","itemListElement":[{"@type":"ListItem","position":1,"name":"Portada","item":"https:\/\/www.neodoc.es\/en\/"},{"@type":"ListItem","position":2,"name":"Software para Cordinaci\u00f3n de Actividades Empresariales (CAE)"}]},{"@type":"WebSite","@id":"https:\/\/www.neodoc.es\/en\/#website","url":"https:\/\/www.neodoc.es\/en\/","name":"neodoc","description":"Automatizaci\u00f3n real de la gesti\u00f3n documental","potentialAction":[{"@type":"SearchAction","target":{"@type":"EntryPoint","urlTemplate":"https:\/\/www.neodoc.es\/en\/?s={search_term_string}"},"query-input":{"@type":"PropertyValueSpecification","valueRequired":true,"valueName":"search_term_string"}}],"inLanguage":"en-US"}]}},"_links":{"self":[{"href":"https:\/\/www.neodoc.es\/en\/wp-json\/wp\/v2\/pages\/25978","targetHints":{"allow":["GET"]}}],"collection":[{"href":"https:\/\/www.neodoc.es\/en\/wp-json\/wp\/v2\/pages"}],"about":[{"href":"https:\/\/www.neodoc.es\/en\/wp-json\/wp\/v2\/types\/page"}],"author":[{"embeddable":true,"href":"https:\/\/www.neodoc.es\/en\/wp-json\/wp\/v2\/users\/2"}],"replies":[{"embeddable":true,"href":"https:\/\/www.neodoc.es\/en\/wp-json\/wp\/v2\/comments?post=25978"}],"version-history":[{"count":23,"href":"https:\/\/www.neodoc.es\/en\/wp-json\/wp\/v2\/pages\/25978\/revisions"}],"predecessor-version":[{"id":29895,"href":"https:\/\/www.neodoc.es\/en\/wp-json\/wp\/v2\/pages\/25978\/revisions\/29895"}],"wp:attachment":[{"href":"https:\/\/www.neodoc.es\/en\/wp-json\/wp\/v2\/media?parent=25978"}],"curies":[{"name":"wp","href":"https:\/\/api.w.org\/{rel}","templated":true}]}}